{"id":81,"date":"2018-02-14T22:05:55","date_gmt":"2018-02-14T22:05:55","guid":{"rendered":"http:\/\/www.utn.edu.ec\/cultura\/?page_id=81"},"modified":"2018-10-04T16:44:07","modified_gmt":"2018-10-04T16:44:07","slug":"historia","status":"publish","type":"page","link":"https:\/\/cultura.utn.edu.ec\/index.php\/centro-cultura\/historia\/","title":{"rendered":"Historia"},"content":{"rendered":"<p style=\"text-align: justify;\"><span style=\"font-size: 13.5pt; color: black;\">En la historia de la Universidad T\u00e9cnica del Norte se empieza con la creaci\u00f3n del Comit\u00e9 de Resoluci\u00f3n en el a\u00f1o 76 &#8211; 77 en donde buscan de alguna manera difundir la cultura en la ciudad de Ibarra. Siendo as\u00ed el inicio de una sociedad entre varios personajes para el mejoramiento de la localidad, uno de los factores principales fue la realizaci\u00f3n de una encuesta para tabular las respuestas y que se d\u00e9 a conocer las diferentes actividades que se realizaban en aquel tiempo.<\/span><\/p>\n<p style=\"text-align: justify;\"><span style=\"font-size: 13.5pt; color: black;\">Uno de ellos fue el Psic\u00f3logo Jos\u00e9 Ortiz qui\u00e9n fue uno de los primeros personajes en la creaci\u00f3n de la Universidad, tambi\u00e9n es conocido por la elaboraci\u00f3n de su libro \u201cAs\u00ed naci\u00f3 la gloriosa UTN\u201d, que es sin duda uno de los signos hist\u00f3ricos m\u00e1s importantes en la instituci\u00f3n.<\/span><\/p>\n<p style=\"text-align: justify;\"><span style=\"font-size: 13.5pt; color: black;\">Miriam Ben\u00edtez que en aquel entonces colaboraba como secretaria general del comit\u00e9, era tambi\u00e9n la encargada en grupo cultural de baile y era uno de los elementos para la socializaci\u00f3n ya que era la encargada de todo lo relacionado con el comit\u00e9 y la principal persona con las que interactuaba con los habitantes de cada barrio, de manera que las presentaciones se realizaban en los diferentes sectores de la ciudad, acompa\u00f1ados de m\u00fasica, juegos y gratos momentos entre amigos y conocidos, adem\u00e1s de que se encargaba de todo lo relacionado con la informaci\u00f3n sobre este gran comit\u00e9.<\/span><\/p>\n<p style=\"text-align: justify;\"><span style=\"font-size: 13.5pt; color: black;\">En el a\u00f1o 78 m\u00e1s o menos por la dictadura de Jaime Rold\u00f3s Aguilera se inicia el componente cultural, debido a que no contaban con ning\u00fan espacio para la propuesta de hacer crecer a esta difusi\u00f3n cultural. En este mismo a\u00f1o por el mes de julio y septiembre junto con el colegio Ibarra se logra crear un preuniversitario con los que tratan de crear una democracia representativa con el fin de poder tener opciones para crear el establecimiento.<\/span><\/p>\n<p style=\"text-align: justify;\"><span style=\"font-size: 13.5pt; color: black;\">Uno de los acontecimientos m\u00e1s importantes es la extensi\u00f3n que se realiza junto con la Universidad de Ambato, a esto tambi\u00e9n se unen instituciones como ESPOCH- ESMERALDAS-CENTRAL MANABI, por lo que no hubo ninguna distinci\u00f3n entre profesores y estudiantes, ya que todos ellos en conjunto hac\u00edan de una instituci\u00f3n.<\/span><\/p>\n<p style=\"text-align: justify;\"><span style=\"font-size: 13.5pt; color: black;\">M\u00e1s tarde por la d\u00e9cada de los 80 Zoila Tafur quien era tesorera del comit\u00e9 en ese entonces empiezan a realizar ciertas presentaciones en las que logran recaudar dinero que sirve m\u00e1s tarde para un tipo de encabezados en una imprenta quien la manejaba Jorge Le\u00f3n, adem\u00e1s de que por los meses de septiembre y abril se realizan desfiles en las calles de la ciudad.<\/span><\/p>\n<p style=\"text-align: justify;\"><span style=\"font-size: 13.5pt; color: black;\">M\u00e1s tarde se forma el grupo de danza Toribio, se estructura la universidad en marzo del 81. En la segunda resoluci\u00f3n acoge a toda la universidad.<\/span><\/p>\n<p style=\"text-align: justify;\"><span style=\"font-size: 13.5pt; color: black;\">Serbio Toledo se hace cargo de la parte administrativa y acad\u00e9mica.<\/span><\/p>\n<p style=\"text-align: justify;\"><span style=\"font-size: 13.5pt; color: black;\">El Municipio de la ciudad de Ibarra regala un terreno para crear la estructura de la universidad y poder hacer de ese espacio una de las instituciones reconocidas a nivel provinciano, siendo as\u00ed que se crean grupos musicales en el departamento de cultura.<\/span><\/p>\n<p style=\"text-align: justify;\"><span style=\"font-size: 13.5pt; color: black;\">El Ing. Anibal Arevalo gana por elecciones la admiraci\u00f3n de la universidad y en el a\u00f1o 82-83 se conoce al comit\u00e9 con el nombre de CUDICE y esto da una nueva propuesta por lo que sus presentaciones van aumentando no solo por la ciudad sino a nivel provincial.<\/span><\/p>\n<p style=\"text-align: justify;\"><span style=\"font-size: 13.5pt; color: black;\">Por los a\u00f1os 90 empieza la autonom\u00eda de la Universidad y el CUDICE se divide en cultura y extensi\u00f3n; por lo tanto, se crea un manual para los estudiantes en extensi\u00f3n por el Dr. Villaroel, llamado as\u00ed \u201cUnidad de Capacitaci\u00f3n Popular y Extensi\u00f3n\u201d.<\/span><\/p>\n<p><!--more--><\/p>\n<p style=\"text-align: justify;\"><span style=\"font-size: 13.5pt; color: black;\">Despu\u00e9s en el 92 Se separa tambi\u00e9n a personal de trabajo con los estudiantes y se da una nueva iniciativa de crear Grupos de extensi\u00f3n, radio, imprenta y con el canal que se maneja hasta la actualidad. ojo<\/span><\/p>\n","protected":false},"excerpt":{"rendered":"<p>En la historia de la Universidad T\u00e9cnica del Norte se empieza con la creaci\u00f3n del Comit\u00e9 de Resoluci\u00f3n en el a\u00f1o 76 &#8211; 77 en donde buscan de alguna manera difundir la<a class=\"moretag\" href=\"https:\/\/cultura.utn.edu.ec\/index.php\/centro-cultura\/historia\/\">Leer m\u00e1s&#8230;<\/a><\/p>\n","protected":false},"author":1,"featured_media":0,"parent":6,"menu_order":0,"comment_status":"closed","ping_status":"closed","template":"","meta":{"footnotes":""},"class_list":["post-81","page","type-page","status-publish","hentry"],"_links":{"self":[{"href":"https:\/\/cultura.utn.edu.ec\/index.php\/wp-json\/wp\/v2\/pages\/81","targetHints":{"allow":["GET"]}}],"collection":[{"href":"https:\/\/cultura.utn.edu.ec\/index.php\/wp-json\/wp\/v2\/pages"}],"about":[{"href":"https:\/\/cultura.utn.edu.ec\/index.php\/wp-json\/wp\/v2\/types\/page"}],"author":[{"embeddable":true,"href":"https:\/\/cultura.utn.edu.ec\/index.php\/wp-json\/wp\/v2\/users\/1"}],"replies":[{"embeddable":true,"href":"https:\/\/cultura.utn.edu.ec\/index.php\/wp-json\/wp\/v2\/comments?post=81"}],"version-history":[{"count":4,"href":"https:\/\/cultura.utn.edu.ec\/index.php\/wp-json\/wp\/v2\/pages\/81\/revisions"}],"predecessor-version":[{"id":419,"href":"https:\/\/cultura.utn.edu.ec\/index.php\/wp-json\/wp\/v2\/pages\/81\/revisions\/419"}],"up":[{"embeddable":true,"href":"https:\/\/cultura.utn.edu.ec\/index.php\/wp-json\/wp\/v2\/pages\/6"}],"wp:attachment":[{"href":"https:\/\/cultura.utn.edu.ec\/index.php\/wp-json\/wp\/v2\/media?parent=81"}],"curies":[{"name":"wp","href":"https:\/\/api.w.org\/{rel}","templated":true}]}}