{"id":351,"date":"2018-03-28T17:26:31","date_gmt":"2018-03-28T17:26:31","guid":{"rendered":"http:\/\/www.utn.edu.ec\/cultura\/?page_id=351"},"modified":"2018-03-30T23:46:20","modified_gmt":"2018-03-30T23:46:20","slug":"taller-de-instrumentos-de-teclado-y-cuerda","status":"publish","type":"page","link":"https:\/\/cultura.utn.edu.ec\/index.php\/taller-de-instrumentos-de-teclado-y-cuerda\/","title":{"rendered":"Taller de Instrumentos de Teclado y Cuerda"},"content":{"rendered":"<p style=\"text-align: justify;\">El ensamble de instructores nace de la necesidad institucional para la producci\u00f3n cient\u00edfica en el \u00e1mbito de la cultura fusionando ritmos nacionales, latinoamericanos y del mundo.<\/p>\n<p><img loading=\"lazy\" decoding=\"async\" class=\"aligncenter size-medium wp-image-388\" src=\"http:\/\/www.utn.edu.ec\/cultura\/wp-content\/uploads\/2018\/03\/intructores-300x200.jpg\" alt=\"\" width=\"300\" height=\"200\" srcset=\"https:\/\/cultura.utn.edu.ec\/wp-content\/uploads\/2018\/03\/intructores-300x200.jpg 300w, https:\/\/cultura.utn.edu.ec\/wp-content\/uploads\/2018\/03\/intructores-768x512.jpg 768w, https:\/\/cultura.utn.edu.ec\/wp-content\/uploads\/2018\/03\/intructores-1024x682.jpg 1024w, https:\/\/cultura.utn.edu.ec\/wp-content\/uploads\/2018\/03\/intructores.jpg 1280w\" sizes=\"auto, (max-width: 300px) 100vw, 300px\" \/><\/p>\n<h2>GRUPO DE M\u00daSICA NACIONAL<\/h2>\n<p style=\"text-align: justify;\">Este taller se cre\u00f3 el a\u00f1o 2011 con el objetivo de formar un ensamble dedicado a la investigaci\u00f3n de ritmos aut\u00f3ctonos y fomentar el \u00e1rea de expresi\u00f3n musical en las facultades, dentro los par\u00e1metros de investigaci\u00f3n, producci\u00f3n, capacitaci\u00f3n, creaci\u00f3n y difusi\u00f3n cultural. Es un laboratorio especializado en la formaci\u00f3n acad\u00e9mica integral de los profesionales de las diferentes \u00e1reas de la cultura.<\/p>\n<p><img loading=\"lazy\" decoding=\"async\" class=\"aligncenter size-medium wp-image-389\" src=\"http:\/\/www.utn.edu.ec\/cultura\/wp-content\/uploads\/2018\/03\/mnacional-300x169.jpg\" alt=\"\" width=\"300\" height=\"169\" srcset=\"https:\/\/cultura.utn.edu.ec\/wp-content\/uploads\/2018\/03\/mnacional-300x169.jpg 300w, https:\/\/cultura.utn.edu.ec\/wp-content\/uploads\/2018\/03\/mnacional-768x432.jpg 768w, https:\/\/cultura.utn.edu.ec\/wp-content\/uploads\/2018\/03\/mnacional-1024x576.jpg 1024w, https:\/\/cultura.utn.edu.ec\/wp-content\/uploads\/2018\/03\/mnacional-715x400.jpg 715w, https:\/\/cultura.utn.edu.ec\/wp-content\/uploads\/2018\/03\/mnacional.jpg 1280w\" sizes=\"auto, (max-width: 300px) 100vw, 300px\" \/><\/p>\n<p>\u00a9 Byron G\u00f3mez Instructor de Instrumentos de Cuerdas y Ensamble UTN<\/p>\n","protected":false},"excerpt":{"rendered":"<p>El ensamble de instructores nace de la necesidad institucional para la producci\u00f3n cient\u00edfica en el \u00e1mbito de la cultura fusionando ritmos nacionales, latinoamericanos y del mundo. GRUPO DE M\u00daSICA NACIONAL Este taller<a class=\"moretag\" href=\"https:\/\/cultura.utn.edu.ec\/index.php\/taller-de-instrumentos-de-teclado-y-cuerda\/\">Leer m\u00e1s&#8230;<\/a><\/p>\n","protected":false},"author":2,"featured_media":0,"parent":0,"menu_order":0,"comment_status":"closed","ping_status":"closed","template":"","meta":{"footnotes":""},"class_list":["post-351","page","type-page","status-publish","hentry"],"_links":{"self":[{"href":"https:\/\/cultura.utn.edu.ec\/index.php\/wp-json\/wp\/v2\/pages\/351","targetHints":{"allow":["GET"]}}],"collection":[{"href":"https:\/\/cultura.utn.edu.ec\/index.php\/wp-json\/wp\/v2\/pages"}],"about":[{"href":"https:\/\/cultura.utn.edu.ec\/index.php\/wp-json\/wp\/v2\/types\/page"}],"author":[{"embeddable":true,"href":"https:\/\/cultura.utn.edu.ec\/index.php\/wp-json\/wp\/v2\/users\/2"}],"replies":[{"embeddable":true,"href":"https:\/\/cultura.utn.edu.ec\/index.php\/wp-json\/wp\/v2\/comments?post=351"}],"version-history":[{"count":3,"href":"https:\/\/cultura.utn.edu.ec\/index.php\/wp-json\/wp\/v2\/pages\/351\/revisions"}],"predecessor-version":[{"id":390,"href":"https:\/\/cultura.utn.edu.ec\/index.php\/wp-json\/wp\/v2\/pages\/351\/revisions\/390"}],"wp:attachment":[{"href":"https:\/\/cultura.utn.edu.ec\/index.php\/wp-json\/wp\/v2\/media?parent=351"}],"curies":[{"name":"wp","href":"https:\/\/api.w.org\/{rel}","templated":true}]}}