{"id":349,"date":"2018-03-28T17:25:56","date_gmt":"2018-03-28T17:25:56","guid":{"rendered":"http:\/\/www.utn.edu.ec\/cultura\/?page_id=349"},"modified":"2018-03-30T23:30:03","modified_gmt":"2018-03-30T23:30:03","slug":"taller-de-instrumentos-de-percusion","status":"publish","type":"page","link":"https:\/\/cultura.utn.edu.ec\/index.php\/taller-de-instrumentos-de-percusion\/","title":{"rendered":"Taller de Instrumentos de Percusi\u00f3n"},"content":{"rendered":"<p style=\"text-align: justify;\">Este taller se cre\u00f3 en el a\u00f1o 2011 para cumplir con el objetivo de crear un elenco de percusi\u00f3n y ayudar al desarrollo cultural de los estudiantes. En \u00e9l participan j\u00f3venes de la universidad provenientes de distintas facultades y alumnos universitarios de otras instituciones as\u00ed\u00a0 como tambi\u00e9n empleados y trabajadores de la UTN.<\/p>\n<p><img loading=\"lazy\" decoding=\"async\" class=\"aligncenter size-medium wp-image-383\" src=\"http:\/\/www.utn.edu.ec\/cultura\/wp-content\/uploads\/2018\/03\/percusion-300x278.jpg\" alt=\"\" width=\"300\" height=\"278\" srcset=\"https:\/\/cultura.utn.edu.ec\/wp-content\/uploads\/2018\/03\/percusion-300x278.jpg 300w, https:\/\/cultura.utn.edu.ec\/wp-content\/uploads\/2018\/03\/percusion-768x712.jpg 768w, https:\/\/cultura.utn.edu.ec\/wp-content\/uploads\/2018\/03\/percusion.jpg 777w\" sizes=\"auto, (max-width: 300px) 100vw, 300px\" \/><\/p>\n<p>&nbsp;<\/p>\n<h2>GRUPO M\u00daSICA ROCK<\/h2>\n<p><img loading=\"lazy\" decoding=\"async\" class=\"aligncenter size-medium wp-image-384\" src=\"http:\/\/www.utn.edu.ec\/cultura\/wp-content\/uploads\/2018\/03\/mrock-300x225.jpg\" alt=\"\" width=\"300\" height=\"225\" srcset=\"https:\/\/cultura.utn.edu.ec\/wp-content\/uploads\/2018\/03\/mrock-300x225.jpg 300w, https:\/\/cultura.utn.edu.ec\/wp-content\/uploads\/2018\/03\/mrock-768x576.jpg 768w, https:\/\/cultura.utn.edu.ec\/wp-content\/uploads\/2018\/03\/mrock-1024x768.jpg 1024w, https:\/\/cultura.utn.edu.ec\/wp-content\/uploads\/2018\/03\/mrock.jpg 2048w\" sizes=\"auto, (max-width: 300px) 100vw, 300px\" \/><\/p>\n<p>\u00a9 Rony Haro Instructor de Percusi\u00f3n UTN<\/p>\n","protected":false},"excerpt":{"rendered":"<p>Este taller se cre\u00f3 en el a\u00f1o 2011 para cumplir con el objetivo de crear un elenco de percusi\u00f3n y ayudar al desarrollo cultural de los estudiantes. En \u00e9l participan j\u00f3venes de<a class=\"moretag\" href=\"https:\/\/cultura.utn.edu.ec\/index.php\/taller-de-instrumentos-de-percusion\/\">Leer m\u00e1s&#8230;<\/a><\/p>\n","protected":false},"author":2,"featured_media":0,"parent":0,"menu_order":0,"comment_status":"closed","ping_status":"closed","template":"","meta":{"footnotes":""},"class_list":["post-349","page","type-page","status-publish","hentry"],"_links":{"self":[{"href":"https:\/\/cultura.utn.edu.ec\/index.php\/wp-json\/wp\/v2\/pages\/349","targetHints":{"allow":["GET"]}}],"collection":[{"href":"https:\/\/cultura.utn.edu.ec\/index.php\/wp-json\/wp\/v2\/pages"}],"about":[{"href":"https:\/\/cultura.utn.edu.ec\/index.php\/wp-json\/wp\/v2\/types\/page"}],"author":[{"embeddable":true,"href":"https:\/\/cultura.utn.edu.ec\/index.php\/wp-json\/wp\/v2\/users\/2"}],"replies":[{"embeddable":true,"href":"https:\/\/cultura.utn.edu.ec\/index.php\/wp-json\/wp\/v2\/comments?post=349"}],"version-history":[{"count":4,"href":"https:\/\/cultura.utn.edu.ec\/index.php\/wp-json\/wp\/v2\/pages\/349\/revisions"}],"predecessor-version":[{"id":386,"href":"https:\/\/cultura.utn.edu.ec\/index.php\/wp-json\/wp\/v2\/pages\/349\/revisions\/386"}],"wp:attachment":[{"href":"https:\/\/cultura.utn.edu.ec\/index.php\/wp-json\/wp\/v2\/media?parent=349"}],"curies":[{"name":"wp","href":"https:\/\/api.w.org\/{rel}","templated":true}]}}