{"id":182,"date":"2018-03-21T19:25:08","date_gmt":"2018-03-21T19:25:08","guid":{"rendered":"http:\/\/www.utn.edu.ec\/cultura\/?page_id=182"},"modified":"2018-03-25T02:38:11","modified_gmt":"2018-03-25T02:38:11","slug":"taller-de-danza-afro","status":"publish","type":"page","link":"https:\/\/cultura.utn.edu.ec\/index.php\/taller-de-danza-afro\/","title":{"rendered":"Taller de Danza Afro"},"content":{"rendered":"<p style=\"text-align: justify;\">Este taller se cre\u00f3 en el a\u00f1o 2012 para cumplir con el objetivo de fomentar la cultura afro de esmeraldas y de Imbabura en la UTN y trabajar con la interculturalidad de nuestros pueblos con el objetivo de investigar, rescatar, analizar y difundir los ritmos ancestrales de los Negros del Ecuador tales como: la Bomba y la Marimba. En \u00e9l participan j\u00f3venes negros de la provincia de Esmeraldas, Imbabura y Carchi as\u00ed como j\u00f3venes Universitarios y vinculados desde los 13 hasta los 30 a\u00f1os.<\/p>\n<p><img loading=\"lazy\" decoding=\"async\" class=\"aligncenter size-medium wp-image-296\" src=\"http:\/\/www.utn.edu.ec\/cultura\/wp-content\/uploads\/2018\/03\/afro-300x225.jpg\" alt=\"\" width=\"300\" height=\"225\" srcset=\"https:\/\/cultura.utn.edu.ec\/wp-content\/uploads\/2018\/03\/afro-300x225.jpg 300w, https:\/\/cultura.utn.edu.ec\/wp-content\/uploads\/2018\/03\/afro-768x576.jpg 768w, https:\/\/cultura.utn.edu.ec\/wp-content\/uploads\/2018\/03\/afro.jpg 960w\" sizes=\"auto, (max-width: 300px) 100vw, 300px\" \/><\/p>\n<p>\u00a9\u00a0Lic. Miguel Nazareno<\/p>\n","protected":false},"excerpt":{"rendered":"<p>Este taller se cre\u00f3 en el a\u00f1o 2012 para cumplir con el objetivo de fomentar la cultura afro de esmeraldas y de Imbabura en la UTN y trabajar con la interculturalidad de<a class=\"moretag\" href=\"https:\/\/cultura.utn.edu.ec\/index.php\/taller-de-danza-afro\/\">Leer m\u00e1s&#8230;<\/a><\/p>\n","protected":false},"author":2,"featured_media":0,"parent":0,"menu_order":0,"comment_status":"closed","ping_status":"closed","template":"","meta":{"footnotes":""},"class_list":["post-182","page","type-page","status-publish","hentry"],"_links":{"self":[{"href":"https:\/\/cultura.utn.edu.ec\/index.php\/wp-json\/wp\/v2\/pages\/182","targetHints":{"allow":["GET"]}}],"collection":[{"href":"https:\/\/cultura.utn.edu.ec\/index.php\/wp-json\/wp\/v2\/pages"}],"about":[{"href":"https:\/\/cultura.utn.edu.ec\/index.php\/wp-json\/wp\/v2\/types\/page"}],"author":[{"embeddable":true,"href":"https:\/\/cultura.utn.edu.ec\/index.php\/wp-json\/wp\/v2\/users\/2"}],"replies":[{"embeddable":true,"href":"https:\/\/cultura.utn.edu.ec\/index.php\/wp-json\/wp\/v2\/comments?post=182"}],"version-history":[{"count":3,"href":"https:\/\/cultura.utn.edu.ec\/index.php\/wp-json\/wp\/v2\/pages\/182\/revisions"}],"predecessor-version":[{"id":297,"href":"https:\/\/cultura.utn.edu.ec\/index.php\/wp-json\/wp\/v2\/pages\/182\/revisions\/297"}],"wp:attachment":[{"href":"https:\/\/cultura.utn.edu.ec\/index.php\/wp-json\/wp\/v2\/media?parent=182"}],"curies":[{"name":"wp","href":"https:\/\/api.w.org\/{rel}","templated":true}]}}