{"id":180,"date":"2018-03-21T19:24:45","date_gmt":"2018-03-21T19:24:45","guid":{"rendered":"http:\/\/www.utn.edu.ec\/cultura\/?page_id=180"},"modified":"2018-03-25T02:32:38","modified_gmt":"2018-03-25T02:32:38","slug":"taller-de-danza-etno-contemporanea","status":"publish","type":"page","link":"https:\/\/cultura.utn.edu.ec\/index.php\/taller-de-danza-etno-contemporanea\/","title":{"rendered":"Taller de Danza Etno Contemporanea"},"content":{"rendered":"<p>&nbsp;<\/p>\n<p style=\"text-align: justify;\">Este taller se cre\u00f3 el Mayo del a\u00f1o 2011 donde participan ni\u00f1os desde los 7 a\u00f1os, hasta j\u00f3venes de 25 a\u00f1os por lo cual se dividi\u00f3 en tres agrupaciones la de ni\u00f1os, adolescentes y universitarios en \u00e9l participan j\u00f3venes estudiantes de diferentes carreras de la UTN y personas provenientes de distintos establecimientos educativos de la ciudad, como parte de los programas de laboratorios de cultura y vinculaci\u00f3n de la Universidad, bajo la administraci\u00f3n del Dr. Miguel Naranjo Toro, llega la Danza Etnocontemporanea a la instituci\u00f3n. Es un tipo de danza basada en el ballet cl\u00e1sico, la danza contempor\u00e1nea y las manifestaciones art\u00edsticas tradicionales andinas, negras y mestizas del Ecuador, con un movimiento m\u00e1s libre y est\u00e9tico hace de esta fusi\u00f3n una propuesta alterna al tradicionalismo. Es una clase de danza en la que se busca expresar, a trav\u00e9s del bailar\u00edn, una idea, un sentimiento, una emoci\u00f3n, una propuesta social y popular al igual que el ballet cl\u00e1sico o la danza contempor\u00e1nea , pero mezclando movimientos corporales junto con pasos tradicionales de cualquier rama. Su origen, es una alternativa a la danza tradicionalista de la sierra Ecuatoriana.<\/p>\n<p><img loading=\"lazy\" decoding=\"async\" class=\"aligncenter size-medium wp-image-293\" src=\"http:\/\/www.utn.edu.ec\/cultura\/wp-content\/uploads\/2018\/03\/etno-300x153.jpg\" alt=\"\" width=\"300\" height=\"153\" srcset=\"https:\/\/cultura.utn.edu.ec\/wp-content\/uploads\/2018\/03\/etno-300x153.jpg 300w, https:\/\/cultura.utn.edu.ec\/wp-content\/uploads\/2018\/03\/etno-768x393.jpg 768w, https:\/\/cultura.utn.edu.ec\/wp-content\/uploads\/2018\/03\/etno.jpg 960w\" sizes=\"auto, (max-width: 300px) 100vw, 300px\" \/><\/p>\n<p>\u00a9\u00a0Lic. Santiago Hurtado<\/p>\n","protected":false},"excerpt":{"rendered":"<p>&nbsp; Este taller se cre\u00f3 el Mayo del a\u00f1o 2011 donde participan ni\u00f1os desde los 7 a\u00f1os, hasta j\u00f3venes de 25 a\u00f1os por lo cual se dividi\u00f3 en tres agrupaciones la de<a class=\"moretag\" href=\"https:\/\/cultura.utn.edu.ec\/index.php\/taller-de-danza-etno-contemporanea\/\">Leer m\u00e1s&#8230;<\/a><\/p>\n","protected":false},"author":2,"featured_media":0,"parent":0,"menu_order":0,"comment_status":"closed","ping_status":"closed","template":"","meta":{"footnotes":""},"class_list":["post-180","page","type-page","status-publish","hentry"],"_links":{"self":[{"href":"https:\/\/cultura.utn.edu.ec\/index.php\/wp-json\/wp\/v2\/pages\/180","targetHints":{"allow":["GET"]}}],"collection":[{"href":"https:\/\/cultura.utn.edu.ec\/index.php\/wp-json\/wp\/v2\/pages"}],"about":[{"href":"https:\/\/cultura.utn.edu.ec\/index.php\/wp-json\/wp\/v2\/types\/page"}],"author":[{"embeddable":true,"href":"https:\/\/cultura.utn.edu.ec\/index.php\/wp-json\/wp\/v2\/users\/2"}],"replies":[{"embeddable":true,"href":"https:\/\/cultura.utn.edu.ec\/index.php\/wp-json\/wp\/v2\/comments?post=180"}],"version-history":[{"count":3,"href":"https:\/\/cultura.utn.edu.ec\/index.php\/wp-json\/wp\/v2\/pages\/180\/revisions"}],"predecessor-version":[{"id":294,"href":"https:\/\/cultura.utn.edu.ec\/index.php\/wp-json\/wp\/v2\/pages\/180\/revisions\/294"}],"wp:attachment":[{"href":"https:\/\/cultura.utn.edu.ec\/index.php\/wp-json\/wp\/v2\/media?parent=180"}],"curies":[{"name":"wp","href":"https:\/\/api.w.org\/{rel}","templated":true}]}}