{"id":178,"date":"2018-03-21T19:24:05","date_gmt":"2018-03-21T19:24:05","guid":{"rendered":"http:\/\/www.utn.edu.ec\/cultura\/?page_id=178"},"modified":"2018-03-25T02:20:09","modified_gmt":"2018-03-25T02:20:09","slug":"taller-de-ballet-contemporaneo","status":"publish","type":"page","link":"https:\/\/cultura.utn.edu.ec\/index.php\/taller-de-ballet-contemporaneo\/","title":{"rendered":"Taller de Ballet Contemporaneo"},"content":{"rendered":"<p>&nbsp;<\/p>\n<p style=\"text-align: justify;\">Este taller se crea a partir de noviembre del 2014, como una propuesta que busca investigar, crear y difundir propuestas esc\u00e9nicas que se desarrollan en el campo de la sensibilizaci\u00f3n, concientizaci\u00f3n y fortalecimiento de las artes esc\u00e9nicas con capacitaciones que incidan en la formaci\u00f3n integral de los estudiantes universitarios, personas y comunidades vinculadas a la UTN. Somos una agrupaci\u00f3n de danza con intereses multidisciplinarios ya que los integrantes de la agrupaci\u00f3n cursan por diversas carreras acad\u00e9micas, buscando nutrir nuestro trabajo esc\u00e9nico desde diferentes lenguajes de la danza.<\/p>\n<p><img loading=\"lazy\" decoding=\"async\" class=\"alignnone size-medium wp-image-220\" src=\"http:\/\/www.utn.edu.ec\/cultura\/wp-content\/uploads\/2018\/03\/contemporaneo-276x300.jpg\" alt=\"\" width=\"276\" height=\"300\" srcset=\"https:\/\/cultura.utn.edu.ec\/wp-content\/uploads\/2018\/03\/contemporaneo-276x300.jpg 276w, https:\/\/cultura.utn.edu.ec\/wp-content\/uploads\/2018\/03\/contemporaneo-768x834.jpg 768w, https:\/\/cultura.utn.edu.ec\/wp-content\/uploads\/2018\/03\/contemporaneo-944x1024.jpg 944w\" sizes=\"auto, (max-width: 276px) 100vw, 276px\" \/><\/p>\n<p style=\"text-align: justify;\">El grupo se plantea como un espacio de entrenamiento, investigaci\u00f3n y experimentaci\u00f3n del cuerpo que parte desde lenguajes del movimiento, propiciando diversos proyectos participativos que cumplen con la tem\u00e1tica de Responsabilidad Social Institucional, como el proyecto \u201cNuevas culturas de paz\u201d que tiene como punto focal el cuerpo y movimiento, proyecto que se desarrolla con j\u00f3venes en estados de alta vulnerabilidad a la vez que realizamos proyectos de intercambio cultural participando en eventos de car\u00e1cter internacional donde se congrega a grupos de danza de universidades, escuelas de formaci\u00f3n y profesionales, en diferentes escenarios, para el encuentro de los distintos procesos art\u00edsticos, las reflexiones y la socializaci\u00f3n de experiencias en torno a la danza como campo de acci\u00f3n.<\/p>\n<p style=\"text-align: justify;\">En este espacio se visibiliza e incentiva la pr\u00e1ctica de la danza y sus nuevas expresiones esc\u00e9nicas, as\u00ed como el reconocimiento de los distintos lenguajes del cuerpo a trav\u00e9s de actividades como charlas pedag\u00f3gicas, talleres, conferencias y eventos esc\u00e9nicos, como un movimiento que se lleva a cabo en espacios universitarios donde se promueve un intercambio Acad\u00e9mico y Art\u00edstico, contribuyendo as\u00ed a la formaci\u00f3n integral de la comunidad universitaria y a la formaci\u00f3n de nuevos p\u00fablicos para la danza al desarrollar diversas propuestas de investigaci\u00f3n, difusi\u00f3n, gesti\u00f3n, capacitaci\u00f3n, producci\u00f3n y recuperaci\u00f3n de nuestro patrimonio cultural, dando cumplimiento a los principios del Sistema de Educaci\u00f3n Superior, elevando el nivel y prestigio de la Universidad T\u00e9cnica del Norte.<\/p>\n<p><strong>\u00a9\u00a0<\/strong>Direcci\u00f3n Ballet Contempor\u00e1neo UTN Instructor de Arte Pa\u00fal Rey<\/p>\n<p>&nbsp;<\/p>\n","protected":false},"excerpt":{"rendered":"<p>&nbsp; Este taller se crea a partir de noviembre del 2014, como una propuesta que busca investigar, crear y difundir propuestas esc\u00e9nicas que se desarrollan en el campo de la sensibilizaci\u00f3n, concientizaci\u00f3n<a class=\"moretag\" href=\"https:\/\/cultura.utn.edu.ec\/index.php\/taller-de-ballet-contemporaneo\/\">Leer m\u00e1s&#8230;<\/a><\/p>\n","protected":false},"author":2,"featured_media":0,"parent":0,"menu_order":0,"comment_status":"closed","ping_status":"closed","template":"","meta":{"footnotes":""},"class_list":["post-178","page","type-page","status-publish","hentry"],"_links":{"self":[{"href":"https:\/\/cultura.utn.edu.ec\/index.php\/wp-json\/wp\/v2\/pages\/178","targetHints":{"allow":["GET"]}}],"collection":[{"href":"https:\/\/cultura.utn.edu.ec\/index.php\/wp-json\/wp\/v2\/pages"}],"about":[{"href":"https:\/\/cultura.utn.edu.ec\/index.php\/wp-json\/wp\/v2\/types\/page"}],"author":[{"embeddable":true,"href":"https:\/\/cultura.utn.edu.ec\/index.php\/wp-json\/wp\/v2\/users\/2"}],"replies":[{"embeddable":true,"href":"https:\/\/cultura.utn.edu.ec\/index.php\/wp-json\/wp\/v2\/comments?post=178"}],"version-history":[{"count":6,"href":"https:\/\/cultura.utn.edu.ec\/index.php\/wp-json\/wp\/v2\/pages\/178\/revisions"}],"predecessor-version":[{"id":291,"href":"https:\/\/cultura.utn.edu.ec\/index.php\/wp-json\/wp\/v2\/pages\/178\/revisions\/291"}],"wp:attachment":[{"href":"https:\/\/cultura.utn.edu.ec\/index.php\/wp-json\/wp\/v2\/media?parent=178"}],"curies":[{"name":"wp","href":"https:\/\/api.w.org\/{rel}","templated":true}]}}