{"id":172,"date":"2018-03-21T19:22:29","date_gmt":"2018-03-21T19:22:29","guid":{"rendered":"http:\/\/www.utn.edu.ec\/cultura\/?page_id=172"},"modified":"2018-03-30T23:53:43","modified_gmt":"2018-03-30T23:53:43","slug":"taller-danza-latinoamericana-y-del-mundo","status":"publish","type":"page","link":"https:\/\/cultura.utn.edu.ec\/index.php\/taller-danza-latinoamericana-y-del-mundo\/","title":{"rendered":"Taller Danza Latinoamericana y del Mundo"},"content":{"rendered":"<p style=\"text-align: justify;\">Desde fines del a\u00f1o 2013, como un aporte a la Pluriculturalidad Tradicional de los pueblos hermanos de todo el mundo, nace el Ballet Folkl\u00f3rico de Danzas Latinoamericanas e Internacionales de la Universidad T\u00e9cnica del Norte, con el objetivo de preparar bailarines con conocimientos de gesti\u00f3n cultural para difundir y promover la diversidad de las danzas tradicionales del mundo; la agrupaci\u00f3n lo conforman ni\u00f1os (as) de escuelas , estudiantes de nivel secundario y universitario, los mismos que han desarrollado un trabajo sostenido con diferentes bailes y ritmos como: Cuecas, Malambos, Cumbias, Joropos, Sones Mexicanos , Vals , entre otros.<\/p>\n<p><img loading=\"lazy\" decoding=\"async\" class=\"alignnone size-medium wp-image-284\" src=\"http:\/\/www.utn.edu.ec\/cultura\/wp-content\/uploads\/2018\/03\/latinoamericana-300x222.jpg\" alt=\"\" width=\"300\" height=\"222\" srcset=\"https:\/\/cultura.utn.edu.ec\/wp-content\/uploads\/2018\/03\/latinoamericana-300x222.jpg 300w, https:\/\/cultura.utn.edu.ec\/wp-content\/uploads\/2018\/03\/latinoamericana-768x568.jpg 768w, https:\/\/cultura.utn.edu.ec\/wp-content\/uploads\/2018\/03\/latinoamericana.jpg 800w\" sizes=\"auto, (max-width: 300px) 100vw, 300px\" \/>\u00a0 \u00a0\u00a0<img loading=\"lazy\" decoding=\"async\" class=\"alignright size-medium wp-image-285\" src=\"http:\/\/www.utn.edu.ec\/cultura\/wp-content\/uploads\/2018\/03\/latinoamericanaG-300x169.jpg\" alt=\"\" width=\"300\" height=\"169\" srcset=\"https:\/\/cultura.utn.edu.ec\/wp-content\/uploads\/2018\/03\/latinoamericanaG-300x169.jpg 300w, https:\/\/cultura.utn.edu.ec\/wp-content\/uploads\/2018\/03\/latinoamericanaG-768x432.jpg 768w, https:\/\/cultura.utn.edu.ec\/wp-content\/uploads\/2018\/03\/latinoamericanaG-715x400.jpg 715w, https:\/\/cultura.utn.edu.ec\/wp-content\/uploads\/2018\/03\/latinoamericanaG.jpg 800w\" sizes=\"auto, (max-width: 300px) 100vw, 300px\" \/><\/p>\n<p><strong>\u00a0<\/strong><\/p>\n<p>\u00a9\u00a0Saul Ramiro Males Pineda<\/p>\n","protected":false},"excerpt":{"rendered":"<p>Desde fines del a\u00f1o 2013, como un aporte a la Pluriculturalidad Tradicional de los pueblos hermanos de todo el mundo, nace el Ballet Folkl\u00f3rico de Danzas Latinoamericanas e Internacionales de la Universidad<a class=\"moretag\" href=\"https:\/\/cultura.utn.edu.ec\/index.php\/taller-danza-latinoamericana-y-del-mundo\/\">Leer m\u00e1s&#8230;<\/a><\/p>\n","protected":false},"author":2,"featured_media":0,"parent":0,"menu_order":0,"comment_status":"closed","ping_status":"closed","template":"","meta":{"footnotes":""},"class_list":["post-172","page","type-page","status-publish","hentry"],"_links":{"self":[{"href":"https:\/\/cultura.utn.edu.ec\/index.php\/wp-json\/wp\/v2\/pages\/172","targetHints":{"allow":["GET"]}}],"collection":[{"href":"https:\/\/cultura.utn.edu.ec\/index.php\/wp-json\/wp\/v2\/pages"}],"about":[{"href":"https:\/\/cultura.utn.edu.ec\/index.php\/wp-json\/wp\/v2\/types\/page"}],"author":[{"embeddable":true,"href":"https:\/\/cultura.utn.edu.ec\/index.php\/wp-json\/wp\/v2\/users\/2"}],"replies":[{"embeddable":true,"href":"https:\/\/cultura.utn.edu.ec\/index.php\/wp-json\/wp\/v2\/comments?post=172"}],"version-history":[{"count":4,"href":"https:\/\/cultura.utn.edu.ec\/index.php\/wp-json\/wp\/v2\/pages\/172\/revisions"}],"predecessor-version":[{"id":393,"href":"https:\/\/cultura.utn.edu.ec\/index.php\/wp-json\/wp\/v2\/pages\/172\/revisions\/393"}],"wp:attachment":[{"href":"https:\/\/cultura.utn.edu.ec\/index.php\/wp-json\/wp\/v2\/media?parent=172"}],"curies":[{"name":"wp","href":"https:\/\/api.w.org\/{rel}","templated":true}]}}