{"id":170,"date":"2018-03-21T19:19:48","date_gmt":"2018-03-21T19:19:48","guid":{"rendered":"http:\/\/www.utn.edu.ec\/cultura\/?page_id=170"},"modified":"2018-03-30T23:52:33","modified_gmt":"2018-03-30T23:52:33","slug":"taller-teatro-y-zancos","status":"publish","type":"page","link":"https:\/\/cultura.utn.edu.ec\/index.php\/taller-teatro-y-zancos\/","title":{"rendered":"Taller Teatro y Zancos"},"content":{"rendered":"<h2>Taller de Teatro<\/h2>\n<p style=\"text-align: justify;\">El Grupo de teatro de la UTN en su recorrido art\u00edstico ha realizado el montaje de obras de contenido social que han contribuido a desarrollar un pensamiento cr\u00edtico tanto en la comunidad universitaria como en la ciudadan\u00eda; durante este tiempo se ha puesto en escena obras de dramaturgos nacionales, latinoamericanos y europeos como tambi\u00e9n obras de creaci\u00f3n colectiva, leyendas, cuentos del grupo y de su Director. El Grupo de Teatro de la Universidad T\u00e9cnica del Norte, tiene como Misi\u00f3n el de contribuir a formar ciudadanos humanistas, cr\u00edticos, creativos, \u00e9ticos y comprometidos con el cambio social, con s\u00f3lidos conocimientos te\u00f3ricos y t\u00e9cnicos en el campo de las artes esc\u00e9nicas. Su Visi\u00f3n es la de constituirse en uno de los principales referentes culturales en el arte histri\u00f3nico de la regi\u00f3n Norte del pa\u00eds, el grupo contribuir\u00e1 a la formaci\u00f3n integral de los estudiantes de los niveles secundarios y universitarios, permitiendo una vinculaci\u00f3n solidaria con el entorno, garantizando as\u00ed su pertinencia y contribuci\u00f3n al desarrollo econ\u00f3mico, social, cultural de los pueblos y cultural que habitan en la regi\u00f3n norte de la naci\u00f3n ecuatoriana.<\/p>\n<p><img loading=\"lazy\" decoding=\"async\" class=\"aligncenter wp-image-277 size-medium\" src=\"http:\/\/www.utn.edu.ec\/cultura\/wp-content\/uploads\/2018\/03\/teatro-300x200.jpg\" alt=\"\" width=\"300\" height=\"200\" srcset=\"https:\/\/cultura.utn.edu.ec\/wp-content\/uploads\/2018\/03\/teatro-300x200.jpg 300w, https:\/\/cultura.utn.edu.ec\/wp-content\/uploads\/2018\/03\/teatro-768x512.jpg 768w, https:\/\/cultura.utn.edu.ec\/wp-content\/uploads\/2018\/03\/teatro-1024x683.jpg 1024w\" sizes=\"auto, (max-width: 300px) 100vw, 300px\" \/><\/p>\n<h2>Taller de Zancos<\/h2>\n<p style=\"text-align: justify;\">El grupo de zancos se cre\u00f3 en el a\u00f1o 2000, sus integrantes son estudiantes universitarios y de los diferentes colegios de la ciudad de Ibarra, este grupo fue creado con la finalidad de desarrollar las habilidades y destrezas circenses del arte callejero, como tambi\u00e9n el de crear fanfarrias y coreograf\u00edas que dan colorido y alegr\u00eda, en pregones. Corsos y desfiles, y tambi\u00e9n de recuperar los espacio culturales convencionales y no convencionales. El grupo de ha constituido en uno de los referentes m\u00e1s importantes de arte y la cultura no solo de la UNIVERSIDAD T\u00c9CNICA DEL NORTE, sino de la de la Regi\u00f3n Norte del Pa\u00eds y de la Provincia de Imbabura<\/p>\n<p><img loading=\"lazy\" decoding=\"async\" class=\"aligncenter wp-image-278 size-medium\" src=\"http:\/\/www.utn.edu.ec\/cultura\/wp-content\/uploads\/2018\/03\/zancos-300x200.jpg\" alt=\"\" width=\"300\" height=\"200\" srcset=\"https:\/\/cultura.utn.edu.ec\/wp-content\/uploads\/2018\/03\/zancos-300x200.jpg 300w, https:\/\/cultura.utn.edu.ec\/wp-content\/uploads\/2018\/03\/zancos-768x512.jpg 768w, https:\/\/cultura.utn.edu.ec\/wp-content\/uploads\/2018\/03\/zancos-1024x683.jpg 1024w, https:\/\/cultura.utn.edu.ec\/wp-content\/uploads\/2018\/03\/zancos.jpg 2048w\" sizes=\"auto, (max-width: 300px) 100vw, 300px\" \/><\/p>\n<p>\u00a9\u00a0Lic. Silvio Enr\u00edquez Instructor Teatro y Zancos UTN<\/p>\n","protected":false},"excerpt":{"rendered":"<p>Taller de Teatro El Grupo de teatro de la UTN en su recorrido art\u00edstico ha realizado el montaje de obras de contenido social que han contribuido a desarrollar un pensamiento cr\u00edtico tanto<a class=\"moretag\" href=\"https:\/\/cultura.utn.edu.ec\/index.php\/taller-teatro-y-zancos\/\">Leer m\u00e1s&#8230;<\/a><\/p>\n","protected":false},"author":2,"featured_media":0,"parent":0,"menu_order":0,"comment_status":"closed","ping_status":"closed","template":"","meta":{"footnotes":""},"class_list":["post-170","page","type-page","status-publish","hentry"],"_links":{"self":[{"href":"https:\/\/cultura.utn.edu.ec\/index.php\/wp-json\/wp\/v2\/pages\/170","targetHints":{"allow":["GET"]}}],"collection":[{"href":"https:\/\/cultura.utn.edu.ec\/index.php\/wp-json\/wp\/v2\/pages"}],"about":[{"href":"https:\/\/cultura.utn.edu.ec\/index.php\/wp-json\/wp\/v2\/types\/page"}],"author":[{"embeddable":true,"href":"https:\/\/cultura.utn.edu.ec\/index.php\/wp-json\/wp\/v2\/users\/2"}],"replies":[{"embeddable":true,"href":"https:\/\/cultura.utn.edu.ec\/index.php\/wp-json\/wp\/v2\/comments?post=170"}],"version-history":[{"count":6,"href":"https:\/\/cultura.utn.edu.ec\/index.php\/wp-json\/wp\/v2\/pages\/170\/revisions"}],"predecessor-version":[{"id":392,"href":"https:\/\/cultura.utn.edu.ec\/index.php\/wp-json\/wp\/v2\/pages\/170\/revisions\/392"}],"wp:attachment":[{"href":"https:\/\/cultura.utn.edu.ec\/index.php\/wp-json\/wp\/v2\/media?parent=170"}],"curies":[{"name":"wp","href":"https:\/\/api.w.org\/{rel}","templated":true}]}}