{"id":168,"date":"2018-03-21T19:33:14","date_gmt":"2018-03-21T19:33:14","guid":{"rendered":"http:\/\/www.utn.edu.ec\/cultura\/?page_id=168"},"modified":"2018-03-25T01:28:51","modified_gmt":"2018-03-25T01:28:51","slug":"taller-hip-hop","status":"publish","type":"page","link":"https:\/\/cultura.utn.edu.ec\/index.php\/taller-hip-hop\/","title":{"rendered":"Taller Hip-Hop"},"content":{"rendered":"<p style=\"text-align: justify;\">El Taller de HIP HOP de la Universidad T\u00e9cnica del Norte es una herramienta cultural que se encarga de dar conocimiento relacionado para la Cultura HIP HOP dirigido a los estudiantes y a la sociedad en general, fortaleciendo en sus integrantes aspectos \u00e9ticos, culturales, espirituales y motivacionales usando como herramienta las distintas ramas del HIP HOP.<\/p>\n<p style=\"text-align: left;\"><strong>PROPUESTA HIP HOP<\/strong><\/p>\n<p><img loading=\"lazy\" decoding=\"async\" class=\"alignnone size-medium wp-image-255\" src=\"http:\/\/www.utn.edu.ec\/cultura\/wp-content\/uploads\/2018\/03\/hiphopUTN-300x169.jpeg\" alt=\"\" width=\"300\" height=\"169\" srcset=\"https:\/\/cultura.utn.edu.ec\/wp-content\/uploads\/2018\/03\/hiphopUTN-300x169.jpeg 300w, https:\/\/cultura.utn.edu.ec\/wp-content\/uploads\/2018\/03\/hiphopUTN-768x432.jpeg 768w, https:\/\/cultura.utn.edu.ec\/wp-content\/uploads\/2018\/03\/hiphopUTN-1024x576.jpeg 1024w, https:\/\/cultura.utn.edu.ec\/wp-content\/uploads\/2018\/03\/hiphopUTN-715x400.jpeg 715w, https:\/\/cultura.utn.edu.ec\/wp-content\/uploads\/2018\/03\/hiphopUTN.jpeg 1280w\" sizes=\"auto, (max-width: 300px) 100vw, 300px\" \/><\/p>\n<p style=\"text-align: justify;\">Crear una comunidad universitaria con valores y principios productivos para la convivencia diaria en el \u00e1mbito social, cultural, espiritual y recreativo; la misma que se caracterice por tener como elemento vinculada a la CULTURA HIP HOP.<\/p>\n<p style=\"text-align: left;\">Lograr que la CULTURA HIP HOP se establezca como una manifestaci\u00f3n productiva\u00a0 para la instituci\u00f3n y la sociedad en general generando un sinn\u00famero de actividades en beneficio de los estudiantes y la comunidad.<\/p>\n<p style=\"text-align: left;\">Lograr que la cultura HIP HOP sea conocida y aceptada sin prejuicios.<\/p>\n<p style=\"text-align: left;\">De acuerdo con la historia, el HIP HOP fue un instrumento por el cual se pretende expresar un descontento frente a la injusticia socio econ\u00f3mica y la discriminaci\u00f3n. Con el pasar del tiempo se ha ido tergiversando el objetivo revolucionario y positivo del HIP HOP devalu\u00e1ndose la calidad de su mensaje que emite esta cultura.<\/p>\n<p><strong>General:<\/strong><\/p>\n<ul>\n<li>Formar estudiantes y personas con un pensamiento \u00e9tico y productivo para la sociedad aportando por medio del arte a construir un entorno mucho m\u00e1s humanista e intercultural.<\/li>\n<\/ul>\n<p><strong>Espec\u00edficos <\/strong><\/p>\n<ul>\n<li>Instruir a la poblaci\u00f3n estudiantil y a la sociedad en general, la esencia y objetivos por los cuales la CULTURA HIP HOP ha luchado a lo largo de la historia.<\/li>\n<\/ul>\n<p>&nbsp;<\/p>\n<ul>\n<li>Enriquecer a los estudiantes con las cualidades positivas que envuelven a la Cultura HIP HOP y hacer de \u00e9sta una herramienta de progreso, uni\u00f3n, superaci\u00f3n, paz y respeto.<\/li>\n<\/ul>\n<p>&nbsp;<\/p>\n<ul>\n<li>Formar un grupo permanente de HIP HOP Capacitar a los estudiantes de tal manera que se puedan defender en cada una de las disciplinas que conforman la CULTURA HIP HOP.<\/li>\n<\/ul>\n<p><strong>ESTRATEGIAS:<\/strong><\/p>\n<ul>\n<li style=\"text-align: justify;\">Difusi\u00f3n del \u201cTaller de HIP HOP de la Universidad T\u00e9cnica del Norte\u201d en los diferentes facultades y espacios de la universidad y de la comunidad en general dando a conocer la implementaci\u00f3n del mismo.<\/li>\n<li style=\"text-align: left;\">Presentar muestras de los diferentes elementos del Hip Hop en los distintos lugares donde se pretende difundir el taller.<\/li>\n<li style=\"text-align: left;\">Usar los espacios de la universidad para hacer visible las diferentes ramas que conforman el HIP HOP.<\/li>\n<li style=\"text-align: left;\">Utilizar medios de comunicaci\u00f3n para promocionar el taller a la comunidad estudiantil y la sociedad en general.<\/li>\n<li style=\"text-align: left;\">Talleres de vacacionales y permanentes de aprendizaje acerca de la cultura HIP HOP con el objetivo de que se conozcan y fortalezcan las bases de esta cultura.<\/li>\n<li style=\"text-align: left;\">Organizar talleres espec\u00edficos para cada elemento de la Cultura Hip Hop donde se potencialice cada una.<\/li>\n<\/ul>\n<p>\u00a9 Alvaro Loyo Instructor de Hip-Hop &#8220;B Boy\u02c8s&#8221; UTN<\/p>\n","protected":false},"excerpt":{"rendered":"<p>El Taller de HIP HOP de la Universidad T\u00e9cnica del Norte es una herramienta cultural que se encarga de dar conocimiento relacionado para la Cultura HIP HOP dirigido a los estudiantes y<a class=\"moretag\" href=\"https:\/\/cultura.utn.edu.ec\/index.php\/taller-hip-hop\/\">Leer m\u00e1s&#8230;<\/a><\/p>\n","protected":false},"author":2,"featured_media":0,"parent":0,"menu_order":0,"comment_status":"closed","ping_status":"closed","template":"","meta":{"footnotes":""},"class_list":["post-168","page","type-page","status-publish","hentry"],"_links":{"self":[{"href":"https:\/\/cultura.utn.edu.ec\/index.php\/wp-json\/wp\/v2\/pages\/168","targetHints":{"allow":["GET"]}}],"collection":[{"href":"https:\/\/cultura.utn.edu.ec\/index.php\/wp-json\/wp\/v2\/pages"}],"about":[{"href":"https:\/\/cultura.utn.edu.ec\/index.php\/wp-json\/wp\/v2\/types\/page"}],"author":[{"embeddable":true,"href":"https:\/\/cultura.utn.edu.ec\/index.php\/wp-json\/wp\/v2\/users\/2"}],"replies":[{"embeddable":true,"href":"https:\/\/cultura.utn.edu.ec\/index.php\/wp-json\/wp\/v2\/comments?post=168"}],"version-history":[{"count":5,"href":"https:\/\/cultura.utn.edu.ec\/index.php\/wp-json\/wp\/v2\/pages\/168\/revisions"}],"predecessor-version":[{"id":275,"href":"https:\/\/cultura.utn.edu.ec\/index.php\/wp-json\/wp\/v2\/pages\/168\/revisions\/275"}],"wp:attachment":[{"href":"https:\/\/cultura.utn.edu.ec\/index.php\/wp-json\/wp\/v2\/media?parent=168"}],"curies":[{"name":"wp","href":"https:\/\/api.w.org\/{rel}","templated":true}]}}