{"id":166,"date":"2018-03-21T19:18:32","date_gmt":"2018-03-21T19:18:32","guid":{"rendered":"http:\/\/www.utn.edu.ec\/cultura\/?page_id=166"},"modified":"2018-03-25T01:45:22","modified_gmt":"2018-03-25T01:45:22","slug":"taller-cheerleaders","status":"publish","type":"page","link":"https:\/\/cultura.utn.edu.ec\/index.php\/taller-cheerleaders\/","title":{"rendered":"Taller Cheerleaders"},"content":{"rendered":"<p style=\"text-align: justify;\">El Grupo de la LEONES UTN CHEERLEADIN ELITE tiene ya cinco a\u00f1os desde su formaci\u00f3n, actualmente tiene 45 integrantes entre estudiantes de la universidad principalmente y j\u00f3venes de la comunidad. El grupo ha sido llamado innumerables veces a distintas invitaciones dentro y fuera de la provincia de Imbabura solicitados por el show que realizan y la alegr\u00eda de sus presentaciones.<\/p>\n<p><img loading=\"lazy\" decoding=\"async\" class=\"alignnone size-medium wp-image-270\" src=\"http:\/\/www.utn.edu.ec\/cultura\/wp-content\/uploads\/2018\/03\/cheer-300x225.jpg\" alt=\"\" width=\"300\" height=\"225\" srcset=\"https:\/\/cultura.utn.edu.ec\/wp-content\/uploads\/2018\/03\/cheer-300x225.jpg 300w, https:\/\/cultura.utn.edu.ec\/wp-content\/uploads\/2018\/03\/cheer-768x576.jpg 768w, https:\/\/cultura.utn.edu.ec\/wp-content\/uploads\/2018\/03\/cheer-1024x768.jpg 1024w, https:\/\/cultura.utn.edu.ec\/wp-content\/uploads\/2018\/03\/cheer.jpg 1032w\" sizes=\"auto, (max-width: 300px) 100vw, 300px\" \/><\/p>\n<p style=\"text-align: justify;\">El\u00a0<strong>Grupo de Cheerleaders de la Universidad T\u00e9cnica del Norte<\/strong>\u00a0tiene el agrado de compartir con\u00a0la comunidad una breve explicaci\u00f3n y trayectoria del desarrollo del grupo.<\/p>\n<p style=\"text-align: left;\">La animaci\u00f3n deportiva se ha dado ya desde la d\u00e9cada de los 50 en Estados Unidos, y a partir de ello se ha venido de a poco introduciendo en los diferentes pa\u00edses del mundo de manera paulatina.<\/p>\n<p style=\"text-align: left;\">El\u00a0<strong>CHEERLEADING<\/strong>\u00a0tiene como objetivo alentar y levantar el \u00e1nimo de las instituciones que representan, en sus aspectos deportivos, administrativos y culturales.\u00a0 Consta de varios elementos\u00a0que los deportistas a base de entrenamiento lograran, dentro de esto tenemos: baile, coreograf\u00eda, gimnasia, pir\u00e1mides, lanzamientos, motions, saltos, elevaciones entre otras.<\/p>\n<p style=\"text-align: left;\">El Grupo de la\u00a0<strong>LEONES UTN CHEERLEADIN ELITE<\/strong>\u00a0tiene ya cinco a\u00f1os desde su formaci\u00f3n,\u00a0actualmente tiene 45 integrantes entre estudiantes de la universidad principalmente y j\u00f3venes de la comunidad.<\/p>\n<p style=\"text-align: left;\">El grupo ha sido llamado innumerables veces a distintas invitaciones dentro y fuera de la provincia de Imbabura solicitados por el show\u00a0que realizan y la alegr\u00eda de sus presentaciones.<\/p>\n<p>\u00a9\u00a0Tlgo. Emilio Auz\u00a0Instructor de Cheeleder<\/p>\n","protected":false},"excerpt":{"rendered":"<p>El Grupo de la LEONES UTN CHEERLEADIN ELITE tiene ya cinco a\u00f1os desde su formaci\u00f3n, actualmente tiene 45 integrantes entre estudiantes de la universidad principalmente y j\u00f3venes de la comunidad. El grupo<a class=\"moretag\" href=\"https:\/\/cultura.utn.edu.ec\/index.php\/taller-cheerleaders\/\">Leer m\u00e1s&#8230;<\/a><\/p>\n","protected":false},"author":3,"featured_media":0,"parent":0,"menu_order":0,"comment_status":"closed","ping_status":"closed","template":"","meta":{"footnotes":""},"class_list":["post-166","page","type-page","status-publish","hentry"],"_links":{"self":[{"href":"https:\/\/cultura.utn.edu.ec\/index.php\/wp-json\/wp\/v2\/pages\/166","targetHints":{"allow":["GET"]}}],"collection":[{"href":"https:\/\/cultura.utn.edu.ec\/index.php\/wp-json\/wp\/v2\/pages"}],"about":[{"href":"https:\/\/cultura.utn.edu.ec\/index.php\/wp-json\/wp\/v2\/types\/page"}],"author":[{"embeddable":true,"href":"https:\/\/cultura.utn.edu.ec\/index.php\/wp-json\/wp\/v2\/users\/3"}],"replies":[{"embeddable":true,"href":"https:\/\/cultura.utn.edu.ec\/index.php\/wp-json\/wp\/v2\/comments?post=166"}],"version-history":[{"count":6,"href":"https:\/\/cultura.utn.edu.ec\/index.php\/wp-json\/wp\/v2\/pages\/166\/revisions"}],"predecessor-version":[{"id":281,"href":"https:\/\/cultura.utn.edu.ec\/index.php\/wp-json\/wp\/v2\/pages\/166\/revisions\/281"}],"wp:attachment":[{"href":"https:\/\/cultura.utn.edu.ec\/index.php\/wp-json\/wp\/v2\/media?parent=166"}],"curies":[{"name":"wp","href":"https:\/\/api.w.org\/{rel}","templated":true}]}}